{"id":3,"date":"2022-08-22T19:07:30","date_gmt":"2022-08-22T19:07:30","guid":{"rendered":"http:\/\/www.themostbeautifulofourdays.eu\/?page_id=3"},"modified":"2023-04-16T06:06:49","modified_gmt":"2023-04-16T06:06:49","slug":"privacy-policy","status":"publish","type":"page","link":"https:\/\/www.themostbeautifulofourdays.eu\/en\/privacy-policy\/","title":{"rendered":"Privacy Policy"},"content":{"rendered":"<h2 class=\"wp-block-heading\">Who we are<\/h2>\n\n\n\n<p>Il \u201cSito\u201d (www.themostbeautifulofourdays.eu) utilizza i Cookie per rendere i propri servizi semplici e efficienti per l\u2019utenza che visiona le pagine di www.themostbeautifulofourdays.eu.<\/p>\n\n\n\n<p>Gli utenti che visionano il Sito, vedranno inserite delle quantit\u00e0 minime di informazioni nei dispositivi in uso, che siano computer e periferiche mobili, in piccoli file di testo denominati \u201ccookie\u201d salvati nelle directory utilizzate dal browser web dell\u2019Utente. Vi sono vari tipi di cookie, alcuni per rendere pi\u00f9 efficace l\u2019uso del Sito, altri per abilitare determinate funzionalit\u00e0.<\/p>\n\n\n\n<p>Analizzandoli in maniera particolareggiata i nostri cookie permettono di:<\/p>\n\n\n\n<ul class=\"wp-block-list\">\n<li>memorizzare le preferenze inserite;<\/li>\n\n\n\n<li>evitare di reinserire le stesse informazioni pi\u00f9 volte durante la visita quali ad<\/li>\n\n\n\n<li>esempio nome utente e password;<\/li>\n\n\n\n<li>analizzare l\u2019utilizzo dei servizi e dei contenuti forniti da themostbeautifulofourdays.eu per<\/li>\n\n\n\n<li>ottimizzarne l\u2019esperienza di navigazione e i servizi offerti.<\/li>\n<\/ul>\n\n\n\n<h2 class=\"wp-block-heading\">Tipologie di Cookie<\/h2>\n\n\n\n<p><br><strong>Cookie tecnici<\/strong><br>Questa tipologia di cookie permette il corretto funzionamento di alcune sezioni del Sito. Sono di due categorie: persistenti e di sessione:<\/p>\n\n\n\n<p>persistenti: una volta chiuso il browser non vengono distrutti ma rimangono fino ad una data di scadenza preimpostata<br>di sessione: vengono distrutti ogni volta che il browser viene chiuso<br>Questi cookie, inviati sempre dal nostro dominio, sono necessari a visualizzare correttamente il sito e in relazione ai servizi tecnici offerti, verranno quindi sempre utilizzati e inviati, a meno che l\u2019utenza non modifichi le impostazioni nel proprio browser (inficiando cos\u00ec la visualizzazione delle pagine del sito). <\/p>\n\n\n\n<p><strong>Cookie analitici<\/strong><br>I cookie in questa categoria vengono utilizzati per collezionare informazioni sull\u2019uso del sito. Istoreco.re.it user\u00e0 queste informazioni in merito ad analisi statistiche anonime al fine di migliorare l\u2019utilizzo del Sito e per rendere i contenuti pi\u00f9 interessanti e attinenti ai desideri dell\u2019utenza. Questa tipologia di cookie raccoglie dati in forma anonima sull\u2019attivit\u00e0 dell\u2019utenza e su come \u00e8 arrivata sul Sito. I cookie analitici sono inviati dal Sito Stesso o da domini di terze parti.<\/p>\n\n\n\n<p><strong>Cookie di analisi di servizi di terze parti<\/strong><br>Questi cookie sono utilizzati al fine di raccogliere informazioni sull\u2019uso del Sito da parte degli utenti in forma anonima quali: pagine visitate, tempo di permanenza, origini del traffico di provenienza, provenienza geografica, et\u00e0, genere e interessi ai fini di campagne di marketing. Questi cookie sono inviati da domini di terze parti esterni al Sito.<\/p>\n\n\n\n<p><strong>Cookie per integrare prodotti e funzioni di software di terze parti<\/strong><br>Questa tipologia di cookie integra funzionalit\u00e0 sviluppate da terzi all\u2019interno delle pagine del Sito come le icone e le preferenze espresse nei social network al fine di condivisione dei contenuti del sito o per l\u2019uso di servizi software di terze parti (come i software per generare le mappe e ulteriori software che offrono servizi aggiuntivi). Questi cookie sono inviati da domini di terze parti e da siti partner che offrono le loro funzionalit\u00e0 tra le pagine del Sito.<\/p>\n\n\n\n<p><strong>Cookie di profilazione<\/strong><br>Sono quei cookie necessari a creare profili utenti al fine di inviare messaggi pubblicitari in linea con le preferenze manifestate dall\u2019utente all\u2019interno delle pagine del Sito.<br>Il sito web www.istoreco.re.it non utilizza cookie per la profilazione. <\/p>\n\n\n\n<p>themostbeautifulofourdays.eu, secondo la normativa vigente, non \u00e8 tenuto a chiedere consenso per i cookie tecnici e di analytics, in quanto necessari a fornire i servizi richiesti.<br>Per tutte le altre tipologie di cookie il consenso pu\u00f2 essere espresso dall\u2019Utente con una o pi\u00f9 di una delle seguenti modalit\u00e0:<\/p>\n\n\n\n<p>Mediante specifiche configurazioni del browser utilizzato o dei relativi programmi informatici utilizzati per navigare le pagine che compongono il Sito.<br>Mediante modifica delle impostazioni nell\u2019uso dei servizi di terze parti<br>Entrambe queste soluzioni potrebbero impedire all\u2019utente di utilizzare o visualizzare parti del Sito.<\/p>\n\n\n\n<h2 class=\"wp-block-heading\">Siti Web e servizi di terze parti<\/h2>\n\n\n\n<p>Il Sito potrebbe contenere collegamenti ad altri siti Web che dispongono di una propria informativa sulla privacy che pu\u00f2 essere diverse da quella adottata da istoreco.re.it e che che quindi non risponde di questi siti.<\/p>\n\n\n\n<h2 class=\"wp-block-heading\">Elenco cookie<\/h2>\n\n\n\n<p>Utilizziamo i cookie, anche di terze parti per personalizzare contenuti ed annunci. Fai click su ok per Accettare l\u2019utilizzo dei cookie.<\/p>\n\n\n\n<p>I cookie sono piccoli file di testo che possono essere utilizzati dai siti web per rendere pi\u00f9 efficiente l\u2019esperienza per l\u2019utente. La legge afferma che possiamo memorizzare i cookie sul suo dispositivo se sono strettamente necessari per il funzionamento di questo sito. Per tutti gli altri tipi di cookie abbiamo bisogno del suo permesso. Questo sito utilizza diversi tipi di cookie. Alcuni cookie sono collocate da servizi di terzi che compaiono sulle nostre pagine.<\/p>\n\n\n\n<h2 class=\"wp-block-heading\">Sezione e pagina Contatti<\/h2>\n\n\n\n<p>I dati raccolti dalla sezione o dalla pagina Contatti sono usati esclusivamente per rispondere a chi ha fatto richiesta. I dati restano memorizzati nell\u2019archivio di archivio di posta elettronica e nel database del sito hostato su serverplan.com<\/p>\n\n\n\n<p>Progettinfanzia, nella persona del legale rappresentante, \u00e8 titolare e responsabile del trattamento dei dati che non vengono ceduti a nessun altro a meno a meno di non averne richiesto ed ottenuta specifica autorizzazione.<\/p>\n\n\n\n<h2 class=\"wp-block-heading\">Google Analytics<\/h2>\n\n\n\n<p>Il presente sito utilizza Google Analytics per raccogliere informazioni (anonime) circa l\u2019utilizzo degli utenti del proprio sito web. Google Analytics genera informazioni statistiche e di altro genere attraverso i cookie, memorizzati sui computer degli utenti. Le informazioni generate, relative al nostro sito web, sono utilizzate per fare dei report. Google memorizzer\u00e0 ed utilizzer\u00e0 queste informazioni.<br>La politica sulla privacy di Google \u00e8 disponibile al seguente indirizzo:http:\/\/www.google.com\/policies\/privacy\/<br>Si pu\u00f2 disabilitare in modo selettivo la raccolta dei dati da parte di Google Analytics installando sul tuo browser il componente fornito da Google.<br>Come disabilitare i cookie<br>NB. La maggior parte dei browser ti permette di rifiutare\/accettare i cookie. Di seguito ti riporto alcune informazioni pratiche per disabilitarli sul browser che stai utilizzando.<\/p>\n\n\n\n<p><strong>Internet Explorer 9<\/strong><br>Apri la finestra di Internet explorer.<br>Clicca su \u201cStrumenti\u201d.<br>Vai su \u201cSicurezza\u201d e dopo clicca \u201cCancella cronologia\u201d.<br>Spunta il box \u201ccookies\u201d e dopo clicca su \u201ccancella\u201d.<br>Clicca \u201cSicurezza\u201d on the sulla barra.<br>Seleziona \u201cCancella cronologia\u201d.<br>Seleziona l\u2019opzione per cookie and e dopo clicca su \u201ccancella\u201d.<\/p>\n\n\n\n<p><br><strong>Google Chrome<\/strong><br>Fai clic sull\u2019icona \u201cimpostazioni\u201d in alto a destra del menu.<br>Seleziona \u201cImpostazioni\u201d.<br>Nella parte inferiore della pagina, fai clic su Mostra impostazioni avanzate.<br>Nella sezione \u201cPrivacy\u201d, fai clic su Impostazioni contenuti.<br>Per disattivare i cookie, seleziona Impedisci ai siti di impostare dati (in alternative puoi rimuovere tutti i cookie creati in un intervallo di tempo specifico selezionandolo dall\u2019elenco a tendina).<br>Seleziona \u201d Cancella dati di navigazione \u201d per cancellare tutte le tracce dei siti che hai visitato.<br>Seleziona \u201cCancella cronologia download\u201d per cancellare l\u2019archivio dei file e dei programmi che avete scaricato.<br>Selezione \u201cSvuota la cache\u201d per cancellare le pagine dei siti inserite in memoria cache.<br>Puoi anche cancellare le password salvate (quelle che utilizzi per accedere ai siti) e i dati salvati per compilare form (ad esempio nome e cognome).<br>Poi clicca sul bottone \u201cCancella dati di navigazione\u201d.<br>Clicca sul bottone \u201cChiudi\u201d.<\/p>\n\n\n\n<p><br><strong>Mozilla Firefox<\/strong><br>Nella parte superiore della finestra di Firefox fare clic sul pulsante Firefox e seleziona \u201cOpzioni\u201d poi vai al pannello \u201cPrivacy\u201d.<br>Nel pannello \u201cCookies\u201d, cliccare su \u201cmostra Cookies\u201d.<br>Per rimuovere un singolo cookie cliccare sulla singola voce nella lista e dopo cliccare sul bottone rimuovi cookie.<br>Per rimuovere tutti i cookies cliccare sul bottone Rimuovi tutti i cookie.<br>Dal men\u00f9 a tendina clicca sulla sottovoce \u201cPreferenze\u201d.<br>Seleziona la scheda \u201cSicurezza\u201d.<br>Clicca sul bottone \u201cMostra cookies\u201d.<br>Seleziona dalla lista i cookies che vuoi rimuovere.<br>Clicca sul bottone \u201cCancella\u201d.<\/p>\n\n\n\n<p><br><strong>Safari 1.0 (MacOS X)<\/strong><br>Dal men\u00f9 a tendina clicca sulla sottovoce \u201cPreferenze\u201d.<br>Seleziona la scheda \u201cSicurezza\u201d.<br>Clicca sul bottone \u201cMostra cookies\u201d.<br>Seleziona dalla lista i cookies che vuoi rimuovere.<br>Clicca sul bottone \u201cCancella\u201d.<\/p>","protected":false},"excerpt":{"rendered":"<p>Who we are Il \u201cSito\u201d (www.themostbeautifulofourdays.eu) utilizza i Cookie per rendere i propri servizi semplici e efficienti per l\u2019utenza che visiona le pagine di www.themostbeautifulofourdays.eu. Gli utenti che visionano il Sito, vedranno inserite delle quantit\u00e0 minime di informazioni nei dispositivi in uso, che siano computer e periferiche mobili, in piccoli file di testo denominati \u201ccookie\u201d [&hellip;]<\/p>","protected":false},"author":1,"featured_media":0,"parent":0,"menu_order":8,"comment_status":"closed","ping_status":"closed","template":"","meta":{"inline_featured_image":false,"footnotes":""},"class_list":["post-3","page","type-page","status-publish","hentry"],"_links":{"self":[{"href":"https:\/\/www.themostbeautifulofourdays.eu\/en\/wp-json\/wp\/v2\/pages\/3","targetHints":{"allow":["GET"]}}],"collection":[{"href":"https:\/\/www.themostbeautifulofourdays.eu\/en\/wp-json\/wp\/v2\/pages"}],"about":[{"href":"https:\/\/www.themostbeautifulofourdays.eu\/en\/wp-json\/wp\/v2\/types\/page"}],"author":[{"embeddable":true,"href":"https:\/\/www.themostbeautifulofourdays.eu\/en\/wp-json\/wp\/v2\/users\/1"}],"replies":[{"embeddable":true,"href":"https:\/\/www.themostbeautifulofourdays.eu\/en\/wp-json\/wp\/v2\/comments?post=3"}],"version-history":[{"count":2,"href":"https:\/\/www.themostbeautifulofourdays.eu\/en\/wp-json\/wp\/v2\/pages\/3\/revisions"}],"predecessor-version":[{"id":362,"href":"https:\/\/www.themostbeautifulofourdays.eu\/en\/wp-json\/wp\/v2\/pages\/3\/revisions\/362"}],"wp:attachment":[{"href":"https:\/\/www.themostbeautifulofourdays.eu\/en\/wp-json\/wp\/v2\/media?parent=3"}],"curies":[{"name":"wp","href":"https:\/\/api.w.org\/{rel}","templated":true}]}}